{"id":635,"date":"2019-08-01T13:49:46","date_gmt":"2019-08-01T13:49:46","guid":{"rendered":"https:\/\/www.lafisioterapia.cat\/?page_id=635"},"modified":"2026-01-25T09:32:29","modified_gmt":"2026-01-25T09:32:29","slug":"blog","status":"publish","type":"page","link":"https:\/\/www.lafisioterapia.cat\/es\/blog\/","title":{"rendered":"Blog"},"content":{"rendered":"<div data-elementor-type=\"wp-post\" data-elementor-id=\"635\" class=\"elementor elementor-635\">\n\t\t\t\t\t\t<section class=\"elementor-section elementor-top-section elementor-element elementor-element-acb48a6 elementor-section-boxed elementor-section-height-default elementor-section-height-default\" data-id=\"acb48a6\" data-element_type=\"section\" data-e-type=\"section\">\n\t\t\t\t\t\t<div class=\"elementor-container elementor-column-gap-default\">\n\t\t\t\t\t<div class=\"elementor-column elementor-col-100 elementor-top-column elementor-element elementor-element-4695879\" data-id=\"4695879\" data-element_type=\"column\" data-e-type=\"column\">\n\t\t\t<div class=\"elementor-widget-wrap elementor-element-populated\">\n\t\t\t\t\t\t<div class=\"elementor-element elementor-element-38bff26 elementor-widget elementor-widget-shortcode\" data-id=\"38bff26\" data-element_type=\"widget\" data-e-type=\"widget\" data-widget_type=\"shortcode.default\">\n\t\t\t\t<div class=\"elementor-widget-container\">\n\t\t\t\t\t\t\t<div class=\"elementor-shortcode\"><div class=\"pt-cv-wrapper\"><div class=\"pt-cv-view pt-cv-grid pt-cv-colsys\" id=\"pt-cv-view-a7d1d46stg\"><div data-id=\"pt-cv-page-1\" class=\"pt-cv-page\" data-cvc=\"2\"><div class=\"col-md-6 col-sm-6 col-xs-12 pt-cv-content-item pt-cv-1-col\" ><div class='pt-cv-ifield'><a href=\"https:\/\/www.lafisioterapia.cat\/es\/2020\/04\/26\/covid-19\/\" class=\"_self pt-cv-href-thumbnail pt-cv-thumb-default\" target=\"_self\" ><\/a>\n<h4 class=\"pt-cv-title\"><a href=\"https:\/\/www.lafisioterapia.cat\/es\/2020\/04\/26\/covid-19\/\" class=\"_self\" target=\"_self\" >Regreso a la actividad asistencial el 11 de mayo<\/a><\/h4>\n<div class=\"pt-cv-content\"> ...<br \/><div class=\"pt-cv-rmwrap\"><a href=\"https:\/\/www.lafisioterapia.cat\/es\/2020\/04\/26\/covid-19\/\" class=\"_self pt-cv-readmore btn btn-success\" target=\"_self\">Enter<\/a><\/div><\/div>\n<div class=\"pt-cv-meta-fields\"><span class=\"entry-date\"> <time datetime=\"2020-04-26T13:02:38+00:00\">26\/04\/2020<\/time><\/span><span> \/ <\/span><span class=\"author\"> <a href=\"https:\/\/www.lafisioterapia.cat\/es\/author\/lopezarchs\/\" rel=\"author\">Fisioterapia L\u00f3pez-Archs<\/a><\/span><\/div><\/div><\/div>\n<div class=\"col-md-6 col-sm-6 col-xs-12 pt-cv-content-item pt-cv-1-col\" ><div class='pt-cv-ifield'><a href=\"https:\/\/www.lafisioterapia.cat\/es\/2019\/08\/01\/biografies-%e2%80%8b-%e2%80%8bde-tarragona-manel-gu%cc%88ell-arxiver-de-larxiu-historic-de-la-diputacio-de-tarragona-salvador-j-rovira-i-gomez-professor-emerit-de-la-urv\/\" class=\"_self pt-cv-href-thumbnail pt-cv-thumb-default\" target=\"_self\" ><\/a>\n<h4 class=\"pt-cv-title\"><a href=\"https:\/\/www.lafisioterapia.cat\/es\/2019\/08\/01\/biografies-%e2%80%8b-%e2%80%8bde-tarragona-manel-gu%cc%88ell-arxiver-de-larxiu-historic-de-la-diputacio-de-tarragona-salvador-j-rovira-i-gomez-professor-emerit-de-la-urv\/\" class=\"_self\" target=\"_self\" >Biograf\u00edas de Tarragona<\/a><\/h4>\n<div class=\"pt-cv-content\">Manel G\u00fcell Arxiver de l\u2019Arxiu Hist\u00f2ric de la Diputaci\u00f3 de Tarragona Salvador-J. Rovira i G\u00f3mez Professor em\u00e8rit de la URV L\u00d3PEZ GINESTA, JACINTO 'Cinto' (El Campello, l'Alacant\u00ed, 1940 \u2014 Tarragona 2007). Futbolista y masajista. Fue el cuarto de los cinco hijos de Jacinto L\u00f3pez, mec\u00e1nico marinero alicantino, y de ...<br \/><div class=\"pt-cv-rmwrap\"><a href=\"https:\/\/www.lafisioterapia.cat\/es\/2019\/08\/01\/biografies-%e2%80%8b-%e2%80%8bde-tarragona-manel-gu%cc%88ell-arxiver-de-larxiu-historic-de-la-diputacio-de-tarragona-salvador-j-rovira-i-gomez-professor-emerit-de-la-urv\/\" class=\"_self pt-cv-readmore btn btn-success\" target=\"_self\">Enter<\/a><\/div><\/div>\n<div class=\"pt-cv-meta-fields\"><span class=\"entry-date\"> <time datetime=\"2019-08-01T20:43:27+00:00\">01\/08\/2019<\/time><\/span><span> \/ <\/span><span class=\"author\"> <a href=\"https:\/\/www.lafisioterapia.cat\/es\/author\/lopezarchs\/\" rel=\"author\">Fisioterapia L\u00f3pez-Archs<\/a><\/span><\/div><\/div><\/div>\n<div class=\"col-md-6 col-sm-6 col-xs-12 pt-cv-content-item pt-cv-1-col\" ><div class='pt-cv-ifield'><a href=\"https:\/\/www.lafisioterapia.cat\/es\/2019\/08\/01\/17a-mitja-marato-ciutat-de-tarragona-homenatge-a-cinto-lopez\/\" class=\"_self pt-cv-href-thumbnail pt-cv-thumb-default\" target=\"_self\" ><img fetchpriority=\"high\" decoding=\"async\" width=\"1024\" height=\"745\" src=\"https:\/\/www.lafisioterapia.cat\/wp-content\/uploads\/2019\/08\/homenatge-cinto-lo-pez_mitja-marato-tarragona-1024x745.jpg\" class=\"pt-cv-thumbnail\" alt=\"\" srcset=\"https:\/\/www.lafisioterapia.cat\/wp-content\/uploads\/2019\/08\/homenatge-cinto-lo-pez_mitja-marato-tarragona-1024x745.jpg 1024w, https:\/\/www.lafisioterapia.cat\/wp-content\/uploads\/2019\/08\/homenatge-cinto-lo-pez_mitja-marato-tarragona-300x218.jpg 300w, https:\/\/www.lafisioterapia.cat\/wp-content\/uploads\/2019\/08\/homenatge-cinto-lo-pez_mitja-marato-tarragona-768x559.jpg 768w, https:\/\/www.lafisioterapia.cat\/wp-content\/uploads\/2019\/08\/homenatge-cinto-lo-pez_mitja-marato-tarragona-1485x1080.jpg 1485w, https:\/\/www.lafisioterapia.cat\/wp-content\/uploads\/2019\/08\/homenatge-cinto-lo-pez_mitja-marato-tarragona.jpg 1753w\" sizes=\"(max-width: 1024px) 100vw, 1024px\" \/><\/a>\n<h4 class=\"pt-cv-title\"><a href=\"https:\/\/www.lafisioterapia.cat\/es\/2019\/08\/01\/17a-mitja-marato-ciutat-de-tarragona-homenatge-a-cinto-lopez\/\" class=\"_self\" target=\"_self\" >17\u00aa Media Marat\u00f3n Ciudad de Tarragona \u2013 Homenaje a Cinto L\u00f3pez<\/a><\/h4>\n<div class=\"pt-cv-content\">Aprovechando la Media Marat\u00f3n de Tarragona, este a\u00f1o se realizar\u00e1 un homenaje a Cinto L\u00f3pez (en diciembre har\u00e1 un a\u00f1o que nos dej\u00f3) y me gustar\u00eda darles una pincelada de su trayectoria en el \u00e1mbito deportivo. Cinto fue jugador de f\u00fatbol y despu\u00e9s de pasar por el Espanyol y por el...<br \/><div class=\"pt-cv-rmwrap\"><a href=\"https:\/\/www.lafisioterapia.cat\/es\/2019\/08\/01\/17a-mitja-marato-ciutat-de-tarragona-homenatge-a-cinto-lopez\/\" class=\"_self pt-cv-readmore btn btn-success\" target=\"_self\">Enter<\/a><\/div><\/div>\n<div class=\"pt-cv-meta-fields\"><span class=\"entry-date\"> <time datetime=\"2019-08-01T17:48:57+00:00\">01\/08\/2019<\/time><\/span><span> \/ <\/span><span class=\"author\"> <a href=\"https:\/\/www.lafisioterapia.cat\/es\/author\/lopezarchs\/\" rel=\"author\">Fisioterapia L\u00f3pez-Archs<\/a><\/span><\/div><\/div><\/div>\n<div class=\"col-md-6 col-sm-6 col-xs-12 pt-cv-content-item pt-cv-1-col\" ><div class='pt-cv-ifield'><a href=\"https:\/\/www.lafisioterapia.cat\/es\/2019\/08\/01\/al-soci-no-se-li-pot-enganyar-experiencies-personals-com-a-persona-que-rep-un-servei\/\" class=\"_self pt-cv-href-thumbnail pt-cv-thumb-default\" target=\"_self\" ><\/a>\n<h4 class=\"pt-cv-title\"><a href=\"https:\/\/www.lafisioterapia.cat\/es\/2019\/08\/01\/al-soci-no-se-li-pot-enganyar-experiencies-personals-com-a-persona-que-rep-un-servei\/\" class=\"_self\" target=\"_self\" >\u201cAl socio no se le puede enga\u00f1ar\u201d experiencias personales como persona que recibe un servicio<\/a><\/h4>\n<div class=\"pt-cv-content\">Hace unos d\u00edas me qued\u00e9 medio enganchado de la espalda, y no sab\u00eda a d\u00f3nde ir. Una amiga me recomend\u00f3 la consulta L\u00f3pez Archs. Ahora la llevan los hijos e hijas, antes la dirig\u00eda El Sr. Cinto L\u00f3pez, que hab\u00eda sido fisioterapeuta del N\u00e0stic durante 6 a\u00f1os. La recomendaci\u00f3n sobre...<br \/><div class=\"pt-cv-rmwrap\"><a href=\"https:\/\/www.lafisioterapia.cat\/es\/2019\/08\/01\/al-soci-no-se-li-pot-enganyar-experiencies-personals-com-a-persona-que-rep-un-servei\/\" class=\"_self pt-cv-readmore btn btn-success\" target=\"_self\">Enter<\/a><\/div><\/div>\n<div class=\"pt-cv-meta-fields\"><span class=\"entry-date\"> <time datetime=\"2019-08-01T17:05:20+00:00\">01\/08\/2019<\/time><\/span><span> \/ <\/span><span class=\"author\"> <a href=\"https:\/\/www.lafisioterapia.cat\/es\/author\/lopezarchs\/\" rel=\"author\">Fisioterapia L\u00f3pez-Archs<\/a><\/span><\/div><\/div><\/div><\/div><\/div><\/div><\/div>\n\t\t\t\t\t\t<\/div>\n\t\t\t\t<\/div>\n\t\t\t\t\t<\/div>\n\t\t<\/div>\n\t\t\t\t\t<\/div>\n\t\t<\/section>\n\t\t\t\t<\/div>","protected":false},"excerpt":{"rendered":"","protected":false},"author":2,"featured_media":855,"parent":0,"menu_order":0,"comment_status":"closed","ping_status":"closed","template":"page-templates\/page-with-right-sidebar.php","meta":{"footnotes":""},"class_list":["post-635","page","type-page","status-publish","has-post-thumbnail","hentry"],"yoast_head":"<!-- This site is optimized with the Yoast SEO plugin v27.5 - https:\/\/yoast.com\/product\/yoast-seo-wordpress\/ -->\n<title>L\u00f3pez Archs | Blog<\/title>\n<meta name=\"description\" content=\"Descobreix un article interessant sobre fisioter\u00e0pia. La nostra experi\u00e8ncia, les noves t\u00e8cniques i el tracte personal posats al vostre abast us ajudaran a obtenir la qualitat de salut que desitgeu per tractar lesions, prevenir-les o mantenir el benestar.\" \/>\n<meta name=\"robots\" content=\"index, follow, max-snippet:-1, max-image-preview:large, max-video-preview:-1\" \/>\n<link rel=\"canonical\" href=\"https:\/\/www.lafisioterapia.cat\/es\/blog\/\" \/>\n<meta property=\"og:locale\" content=\"es_ES\" \/>\n<meta property=\"og:type\" content=\"article\" \/>\n<meta property=\"og:title\" content=\"L\u00f3pez Archs | Blog\" \/>\n<meta property=\"og:description\" content=\"Descobreix un article interessant sobre fisioter\u00e0pia. La nostra experi\u00e8ncia, les noves t\u00e8cniques i el tracte personal posats al vostre abast us ajudaran a obtenir la qualitat de salut que desitgeu per tractar lesions, prevenir-les o mantenir el benestar.\" \/>\n<meta property=\"og:url\" content=\"https:\/\/www.lafisioterapia.cat\/es\/blog\/\" \/>\n<meta property=\"og:site_name\" content=\"L\u00d3PEZ ARCHS FISIOTER\u00c0PIA\" \/>\n<meta property=\"article:publisher\" content=\"https:\/\/www.facebook.com\/LOPEZARCHS\" \/>\n<meta property=\"article:modified_time\" content=\"2026-01-25T09:32:29+00:00\" \/>\n<meta property=\"og:image\" content=\"https:\/\/www.lafisioterapia.cat\/wp-content\/uploads\/2019\/08\/headerblog-1-1.jpg\" \/>\n\t<meta property=\"og:image:width\" content=\"1152\" \/>\n\t<meta property=\"og:image:height\" content=\"442\" \/>\n\t<meta property=\"og:image:type\" content=\"image\/jpeg\" \/>\n<meta name=\"twitter:card\" content=\"summary_large_image\" \/>\n<meta name=\"twitter:site\" content=\"@lopezarchs\" \/>\n<script type=\"application\/ld+json\" class=\"yoast-schema-graph\">{\"@context\":\"https:\\\/\\\/schema.org\",\"@graph\":[{\"@type\":\"WebPage\",\"@id\":\"https:\\\/\\\/www.lafisioterapia.cat\\\/es\\\/blog\\\/\",\"url\":\"https:\\\/\\\/www.lafisioterapia.cat\\\/es\\\/blog\\\/\",\"name\":\"L\u00f3pez Archs | Blog\",\"isPartOf\":{\"@id\":\"https:\\\/\\\/www.lafisioterapia.cat\\\/es\\\/#website\"},\"primaryImageOfPage\":{\"@id\":\"https:\\\/\\\/www.lafisioterapia.cat\\\/es\\\/blog\\\/#primaryimage\"},\"image\":{\"@id\":\"https:\\\/\\\/www.lafisioterapia.cat\\\/es\\\/blog\\\/#primaryimage\"},\"thumbnailUrl\":\"https:\\\/\\\/www.lafisioterapia.cat\\\/wp-content\\\/uploads\\\/2019\\\/08\\\/headerblog-1-1.jpg\",\"datePublished\":\"2019-08-01T13:49:46+00:00\",\"dateModified\":\"2026-01-25T09:32:29+00:00\",\"description\":\"Descobreix un article interessant sobre fisioter\u00e0pia. La nostra experi\u00e8ncia, les noves t\u00e8cniques i el tracte personal posats al vostre abast us ajudaran a obtenir la qualitat de salut que desitgeu per tractar lesions, prevenir-les o mantenir el benestar.\",\"breadcrumb\":{\"@id\":\"https:\\\/\\\/www.lafisioterapia.cat\\\/es\\\/blog\\\/#breadcrumb\"},\"inLanguage\":\"es\",\"potentialAction\":[{\"@type\":\"ReadAction\",\"target\":[\"https:\\\/\\\/www.lafisioterapia.cat\\\/es\\\/blog\\\/\"]}]},{\"@type\":\"ImageObject\",\"inLanguage\":\"es\",\"@id\":\"https:\\\/\\\/www.lafisioterapia.cat\\\/es\\\/blog\\\/#primaryimage\",\"url\":\"https:\\\/\\\/www.lafisioterapia.cat\\\/wp-content\\\/uploads\\\/2019\\\/08\\\/headerblog-1-1.jpg\",\"contentUrl\":\"https:\\\/\\\/www.lafisioterapia.cat\\\/wp-content\\\/uploads\\\/2019\\\/08\\\/headerblog-1-1.jpg\",\"width\":1152,\"height\":442},{\"@type\":\"BreadcrumbList\",\"@id\":\"https:\\\/\\\/www.lafisioterapia.cat\\\/es\\\/blog\\\/#breadcrumb\",\"itemListElement\":[{\"@type\":\"ListItem\",\"position\":1,\"name\":\"Inicio\",\"item\":\"https:\\\/\\\/www.lafisioterapia.cat\\\/es\\\/\"},{\"@type\":\"ListItem\",\"position\":2,\"name\":\"Blog\"}]},{\"@type\":\"WebSite\",\"@id\":\"https:\\\/\\\/www.lafisioterapia.cat\\\/es\\\/#website\",\"url\":\"https:\\\/\\\/www.lafisioterapia.cat\\\/es\\\/\",\"name\":\"L\u00d3PEZ ARCHS FISIOTER\u00c0PIA\",\"description\":\"Centre de fisioter\u00e0pia, massatge i osteopatia a Tarragona\",\"publisher\":{\"@id\":\"https:\\\/\\\/www.lafisioterapia.cat\\\/es\\\/#organization\"},\"potentialAction\":[{\"@type\":\"SearchAction\",\"target\":{\"@type\":\"EntryPoint\",\"urlTemplate\":\"https:\\\/\\\/www.lafisioterapia.cat\\\/es\\\/?s={search_term_string}\"},\"query-input\":{\"@type\":\"PropertyValueSpecification\",\"valueRequired\":true,\"valueName\":\"search_term_string\"}}],\"inLanguage\":\"es\"},{\"@type\":\"Organization\",\"@id\":\"https:\\\/\\\/www.lafisioterapia.cat\\\/es\\\/#organization\",\"name\":\"L\u00d3PEZ ARCHS FISIOTER\u00c0PIA\",\"url\":\"https:\\\/\\\/www.lafisioterapia.cat\\\/es\\\/\",\"logo\":{\"@type\":\"ImageObject\",\"inLanguage\":\"es\",\"@id\":\"https:\\\/\\\/www.lafisioterapia.cat\\\/es\\\/#\\\/schema\\\/logo\\\/image\\\/\",\"url\":\"https:\\\/\\\/www.lafisioterapia.cat\\\/wp-content\\\/uploads\\\/2019\\\/07\\\/logo_lopez_archs.png\",\"contentUrl\":\"https:\\\/\\\/www.lafisioterapia.cat\\\/wp-content\\\/uploads\\\/2019\\\/07\\\/logo_lopez_archs.png\",\"width\":243,\"height\":122,\"caption\":\"L\u00d3PEZ ARCHS FISIOTER\u00c0PIA\"},\"image\":{\"@id\":\"https:\\\/\\\/www.lafisioterapia.cat\\\/es\\\/#\\\/schema\\\/logo\\\/image\\\/\"},\"sameAs\":[\"https:\\\/\\\/www.facebook.com\\\/LOPEZARCHS\",\"https:\\\/\\\/x.com\\\/lopezarchs\",\"https:\\\/\\\/www.instagram.com\\\/lopezarchs\\\/\"]}]}<\/script>\n<!-- \/ Yoast SEO plugin. -->","yoast_head_json":{"title":"L\u00f3pez Archs | Blog","description":"Descubre un art\u00edculo interesante sobre fisioterapia. Nuestra experiencia, las nuevas t\u00e9cnicas y el trato personal puestos a tu alcance te ayudar\u00e1n a obtener la calidad de salud que deseas para tratar lesiones, prevenirlas o mantener el bienestar.","robots":{"index":"index","follow":"follow","max-snippet":"max-snippet:-1","max-image-preview":"max-image-preview:large","max-video-preview":"max-video-preview:-1"},"canonical":"https:\/\/www.lafisioterapia.cat\/es\/blog\/","og_locale":"es_ES","og_type":"article","og_title":"L\u00f3pez Archs | Blog","og_description":"Descobreix un article interessant sobre fisioter\u00e0pia. La nostra experi\u00e8ncia, les noves t\u00e8cniques i el tracte personal posats al vostre abast us ajudaran a obtenir la qualitat de salut que desitgeu per tractar lesions, prevenir-les o mantenir el benestar.","og_url":"https:\/\/www.lafisioterapia.cat\/es\/blog\/","og_site_name":"L\u00d3PEZ ARCHS FISIOTER\u00c0PIA","article_publisher":"https:\/\/www.facebook.com\/LOPEZARCHS","article_modified_time":"2026-01-25T09:32:29+00:00","og_image":[{"width":1152,"height":442,"url":"https:\/\/www.lafisioterapia.cat\/wp-content\/uploads\/2019\/08\/headerblog-1-1.jpg","type":"image\/jpeg"}],"twitter_card":"summary_large_image","twitter_site":"@lopezarchs","schema":{"@context":"https:\/\/schema.org","@graph":[{"@type":"WebPage","@id":"https:\/\/www.lafisioterapia.cat\/es\/blog\/","url":"https:\/\/www.lafisioterapia.cat\/es\/blog\/","name":"L\u00f3pez Archs | Blog","isPartOf":{"@id":"https:\/\/www.lafisioterapia.cat\/es\/#website"},"primaryImageOfPage":{"@id":"https:\/\/www.lafisioterapia.cat\/es\/blog\/#primaryimage"},"image":{"@id":"https:\/\/www.lafisioterapia.cat\/es\/blog\/#primaryimage"},"thumbnailUrl":"https:\/\/www.lafisioterapia.cat\/wp-content\/uploads\/2019\/08\/headerblog-1-1.jpg","datePublished":"2019-08-01T13:49:46+00:00","dateModified":"2026-01-25T09:32:29+00:00","description":"Descubre un art\u00edculo interesante sobre fisioterapia. Nuestra experiencia, las nuevas t\u00e9cnicas y el trato personal puestos a tu alcance te ayudar\u00e1n a obtener la calidad de salud que deseas para tratar lesiones, prevenirlas o mantener el bienestar.","breadcrumb":{"@id":"https:\/\/www.lafisioterapia.cat\/es\/blog\/#breadcrumb"},"inLanguage":"es","potentialAction":[{"@type":"ReadAction","target":["https:\/\/www.lafisioterapia.cat\/es\/blog\/"]}]},{"@type":"ImageObject","inLanguage":"es","@id":"https:\/\/www.lafisioterapia.cat\/es\/blog\/#primaryimage","url":"https:\/\/www.lafisioterapia.cat\/wp-content\/uploads\/2019\/08\/headerblog-1-1.jpg","contentUrl":"https:\/\/www.lafisioterapia.cat\/wp-content\/uploads\/2019\/08\/headerblog-1-1.jpg","width":1152,"height":442},{"@type":"BreadcrumbList","@id":"https:\/\/www.lafisioterapia.cat\/es\/blog\/#breadcrumb","itemListElement":[{"@type":"ListItem","position":1,"name":"Inicio","item":"https:\/\/www.lafisioterapia.cat\/es\/"},{"@type":"ListItem","position":2,"name":"Blog"}]},{"@type":"WebSite","@id":"https:\/\/www.lafisioterapia.cat\/es\/#website","url":"https:\/\/www.lafisioterapia.cat\/es\/","name":"L\u00d3PEZ ARCHS FISIOTERAPIA","description":"Centro de fisioterapia, masaje y osteopat\u00eda en Tarragona","publisher":{"@id":"https:\/\/www.lafisioterapia.cat\/es\/#organization"},"potentialAction":[{"@type":"SearchAction","target":{"@type":"EntryPoint","urlTemplate":"https:\/\/www.lafisioterapia.cat\/es\/?s={search_term_string}"},"query-input":{"@type":"PropertyValueSpecification","valueRequired":true,"valueName":"search_term_string"}}],"inLanguage":"es"},{"@type":"Organization","@id":"https:\/\/www.lafisioterapia.cat\/es\/#organization","name":"L\u00d3PEZ ARCHS FISIOTERAPIA","url":"https:\/\/www.lafisioterapia.cat\/es\/","logo":{"@type":"ImageObject","inLanguage":"es","@id":"https:\/\/www.lafisioterapia.cat\/es\/#\/schema\/logo\/image\/","url":"https:\/\/www.lafisioterapia.cat\/wp-content\/uploads\/2019\/07\/logo_lopez_archs.png","contentUrl":"https:\/\/www.lafisioterapia.cat\/wp-content\/uploads\/2019\/07\/logo_lopez_archs.png","width":243,"height":122,"caption":"L\u00d3PEZ ARCHS FISIOTER\u00c0PIA"},"image":{"@id":"https:\/\/www.lafisioterapia.cat\/es\/#\/schema\/logo\/image\/"},"sameAs":["https:\/\/www.facebook.com\/LOPEZARCHS","https:\/\/x.com\/lopezarchs","https:\/\/www.instagram.com\/lopezarchs\/"]}]}},"jetpack_sharing_enabled":true,"post_mailing_queue_ids":[],"_links":{"self":[{"href":"https:\/\/www.lafisioterapia.cat\/es\/wp-json\/wp\/v2\/pages\/635","targetHints":{"allow":["GET"]}}],"collection":[{"href":"https:\/\/www.lafisioterapia.cat\/es\/wp-json\/wp\/v2\/pages"}],"about":[{"href":"https:\/\/www.lafisioterapia.cat\/es\/wp-json\/wp\/v2\/types\/page"}],"author":[{"embeddable":true,"href":"https:\/\/www.lafisioterapia.cat\/es\/wp-json\/wp\/v2\/users\/2"}],"replies":[{"embeddable":true,"href":"https:\/\/www.lafisioterapia.cat\/es\/wp-json\/wp\/v2\/comments?post=635"}],"version-history":[{"count":6,"href":"https:\/\/www.lafisioterapia.cat\/es\/wp-json\/wp\/v2\/pages\/635\/revisions"}],"predecessor-version":[{"id":865,"href":"https:\/\/www.lafisioterapia.cat\/es\/wp-json\/wp\/v2\/pages\/635\/revisions\/865"}],"wp:featuredmedia":[{"embeddable":true,"href":"https:\/\/www.lafisioterapia.cat\/es\/wp-json\/wp\/v2\/media\/855"}],"wp:attachment":[{"href":"https:\/\/www.lafisioterapia.cat\/es\/wp-json\/wp\/v2\/media?parent=635"}],"curies":[{"name":"wp","href":"https:\/\/api.w.org\/{rel}","templated":true}]}}