{"id":166,"date":"2019-07-29T14:10:48","date_gmt":"2019-07-29T14:10:48","guid":{"rendered":"https:\/\/www.lafisioterapia.cat\/mesmerize\/"},"modified":"2026-05-09T17:23:19","modified_gmt":"2026-05-09T17:23:19","slug":"mesmerize","status":"publish","type":"page","link":"https:\/\/www.lafisioterapia.cat\/es\/","title":{"rendered":"Inicio"},"content":{"rendered":"<div data-elementor-type=\"wp-post\" data-elementor-id=\"166\" class=\"elementor elementor-166\">\n\t\t\t\t\t\t<section class=\"elementor-section elementor-top-section elementor-element elementor-element-1227e18c elementor-section-boxed elementor-section-height-default elementor-section-height-default\" data-id=\"1227e18c\" data-element_type=\"section\" data-e-type=\"section\">\n\t\t\t\t\t\t<div class=\"elementor-container elementor-column-gap-default\">\n\t\t\t\t\t<div class=\"elementor-column elementor-col-100 elementor-top-column elementor-element elementor-element-4c684b03\" data-id=\"4c684b03\" data-element_type=\"column\" data-e-type=\"column\">\n\t\t\t<div class=\"elementor-widget-wrap elementor-element-populated\">\n\t\t\t\t\t\t<div class=\"elementor-element elementor-element-341b18a9 elementor-widget elementor-widget-text-editor\" data-id=\"341b18a9\" data-element_type=\"widget\" data-e-type=\"widget\" data-widget_type=\"text-editor.default\">\n\t\t\t\t<div class=\"elementor-widget-container\">\n\t\t\t\t\t\t\t\t\t<div data-label=\"Features\" data-id=\"features--1\" data-export-id=\"features-13-card-bordered\" data-category=\"features\" class=\"features-13 content-section content-section-spacing\" id=\"features-1\" style=\"background-color: rgb(255, 255, 255); background-image: none;\">\n<div class=\"gridContainer\">\n<div class=\"row text-center\">\n<div class=\"section-title-col\" data-type=\"column\">\n<h1 class=\"\">L\u00f3pez Archs<\/h1>\n<h3 class=\"\">Centro de fisioterapia y masaje en Tarragona<\/h3>\n<p class=\"lead\">L\u00f3pez-Archs es su centro de salud de referencia en Tarragona, pioneros en el masaje terap\u00e9utico y en el masaje deportivo de la ciudad desde hace m\u00e1s de 55 a\u00f1os as\u00ed como de la fisioterapia desde hace m\u00e1s de 28.<\/p>\n<p class=\"lead\">Nuestra experiencia, las nuevas t\u00e9cnicas y el trato personal puestos a su alcance le ayudar\u00e1n a obtener la calidad de salud que desea para tratar lesiones, prevenirlas o mantener el bienestar.<\/p>\n<h2 class=\"no-after\" style=\"border-bottom-color: rgb(2, 169, 244);\">\n<div>\u00bfQu\u00e9 podemos hacer por ti?<\/div>\n<\/h2>\n<\/div>\n<\/div>\n<div class=\"row spaced-cols content-center-sm\" data-type=\"row\">\n<div class=\"col-sm-4\">\n<div class=\"card bordered y-move\" data-type=\"column\">\n<p class=\"\">Que obtengas una sensaci\u00f3n de bienestar y la mantengas.<\/p>\n<\/div>\n<\/div>\n<div class=\"col-sm-4\">\n<div class=\"card bordered y-move\" data-type=\"column\">\n<p class=\"\">Que elimines o disminuyas el dolor, las molestias y las limitaciones patol\u00f3gicas de tu cuerpo.<\/p>\n<\/div>\n<\/div>\n<div class=\"col-sm-4\">\n<div class=\"card bordered y-move\" data-type=\"column\">\n<p class=\"\">Que te sientas acogido, escuchado, acompa\u00f1ado y comprendido.<\/p>\n<\/div>\n<\/div>\n<\/div>\n<\/div>\n<\/div>\n<div data-label=\"Content\" data-id=\"content--1\" data-export-id=\"content-12\" data-category=\"content\" class=\"content-12 content-section content-section-spacing\" id=\"content-1\" style=\"background-color: rgb(255, 255, 255); background-image: none;\">\n<div class=\"gridContainer\">\n<div class=\"row text-center\">\n<div class=\"section-title-col\" data-type=\"column\">\n<h2 class=\"\" style=\"border-bottom-color: rgb(35, 114, 182);\">Profesionalidad y trato excelente desde 1973&nbsp;<\/h2>\n<\/div>\n<\/div>\n<div class=\"row center-xs middle-xs\">\n<div class=\"col-sm-9\" data-type=\"column\"> <\/div>\n<\/div>\n<\/div>\n<\/div>\n<h2><\/h2>\n<h1 style=\"text-align: center;\"><\/h1>\t\t\t\t\t\t\t\t<\/div>\n\t\t\t\t<\/div>\n\t\t\t\t\t<\/div>\n\t\t<\/div>\n\t\t\t\t\t<\/div>\n\t\t<\/section>\n\t\t\t\t<\/div>","protected":false},"excerpt":{"rendered":"","protected":false},"author":2,"featured_media":1269,"parent":0,"menu_order":0,"comment_status":"closed","ping_status":"closed","template":"page-templates\/homepage.php","meta":{"footnotes":""},"class_list":["post-166","page","type-page","status-publish","has-post-thumbnail","hentry"],"yoast_head":"<!-- This site is optimized with the Yoast SEO plugin v27.5 - https:\/\/yoast.com\/product\/yoast-seo-wordpress\/ -->\n<title>L\u00f3pez Archs | Centre de fisioter\u00e0pia, massatge i osteopatia a Tarragona<\/title>\n<meta name=\"description\" content=\"El vostre centre de salut de refer\u00e8ncia a Tarragona, pioners en el massatge terap\u00e8utic i en el massatge esportiu de la ciutat des de fa m\u00e9s de 45 anys aix\u00ed com de la fisioter\u00e0pia des de fa m\u00e9s de 20.\" \/>\n<meta name=\"robots\" content=\"index, follow, max-snippet:-1, max-image-preview:large, max-video-preview:-1\" \/>\n<link rel=\"canonical\" href=\"https:\/\/www.lafisioterapia.cat\/es\/\" \/>\n<meta property=\"og:locale\" content=\"es_ES\" \/>\n<meta property=\"og:type\" content=\"article\" \/>\n<meta property=\"og:title\" content=\"L\u00f3pez Archs | Centre de fisioter\u00e0pia, massatge i osteopatia a Tarragona\" \/>\n<meta property=\"og:description\" content=\"El vostre centre de salut de refer\u00e8ncia a Tarragona, pioners en el massatge terap\u00e8utic i en el massatge esportiu de la ciutat des de fa m\u00e9s de 45 anys aix\u00ed com de la fisioter\u00e0pia des de fa m\u00e9s de 20.\" \/>\n<meta property=\"og:url\" content=\"https:\/\/www.lafisioterapia.cat\/es\/\" \/>\n<meta property=\"og:site_name\" content=\"L\u00d3PEZ ARCHS FISIOTER\u00c0PIA\" \/>\n<meta property=\"article:publisher\" content=\"https:\/\/www.facebook.com\/LOPEZARCHS\" \/>\n<meta property=\"article:modified_time\" content=\"2026-05-09T17:23:19+00:00\" \/>\n<meta property=\"og:image\" content=\"https:\/\/www.lafisioterapia.cat\/wp-content\/uploads\/2026\/03\/columna.jpg\" \/>\n\t<meta property=\"og:image:width\" content=\"3075\" \/>\n\t<meta property=\"og:image:height\" content=\"1541\" \/>\n\t<meta property=\"og:image:type\" content=\"image\/jpeg\" \/>\n<meta name=\"twitter:card\" content=\"summary_large_image\" \/>\n<meta name=\"twitter:site\" content=\"@lopezarchs\" \/>\n<script type=\"application\/ld+json\" class=\"yoast-schema-graph\">{\"@context\":\"https:\\\/\\\/schema.org\",\"@graph\":[{\"@type\":\"WebPage\",\"@id\":\"https:\\\/\\\/www.lafisioterapia.cat\\\/es\\\/\",\"url\":\"https:\\\/\\\/www.lafisioterapia.cat\\\/es\\\/\",\"name\":\"L\u00f3pez Archs | Centre de fisioter\u00e0pia, massatge i osteopatia a Tarragona\",\"isPartOf\":{\"@id\":\"https:\\\/\\\/www.lafisioterapia.cat\\\/es\\\/#website\"},\"primaryImageOfPage\":{\"@id\":\"https:\\\/\\\/www.lafisioterapia.cat\\\/es\\\/#primaryimage\"},\"image\":{\"@id\":\"https:\\\/\\\/www.lafisioterapia.cat\\\/es\\\/#primaryimage\"},\"thumbnailUrl\":\"https:\\\/\\\/www.lafisioterapia.cat\\\/wp-content\\\/uploads\\\/2026\\\/03\\\/columna.jpg\",\"datePublished\":\"2019-07-29T14:10:48+00:00\",\"dateModified\":\"2026-05-09T17:23:19+00:00\",\"description\":\"El vostre centre de salut de refer\u00e8ncia a Tarragona, pioners en el massatge terap\u00e8utic i en el massatge esportiu de la ciutat des de fa m\u00e9s de 45 anys aix\u00ed com de la fisioter\u00e0pia des de fa m\u00e9s de 20.\",\"breadcrumb\":{\"@id\":\"https:\\\/\\\/www.lafisioterapia.cat\\\/es\\\/#breadcrumb\"},\"inLanguage\":\"es\",\"potentialAction\":[{\"@type\":\"ReadAction\",\"target\":[\"https:\\\/\\\/www.lafisioterapia.cat\\\/es\\\/\"]}]},{\"@type\":\"ImageObject\",\"inLanguage\":\"es\",\"@id\":\"https:\\\/\\\/www.lafisioterapia.cat\\\/es\\\/#primaryimage\",\"url\":\"https:\\\/\\\/www.lafisioterapia.cat\\\/wp-content\\\/uploads\\\/2026\\\/03\\\/columna.jpg\",\"contentUrl\":\"https:\\\/\\\/www.lafisioterapia.cat\\\/wp-content\\\/uploads\\\/2026\\\/03\\\/columna.jpg\",\"width\":3075,\"height\":1541},{\"@type\":\"BreadcrumbList\",\"@id\":\"https:\\\/\\\/www.lafisioterapia.cat\\\/es\\\/#breadcrumb\",\"itemListElement\":[{\"@type\":\"ListItem\",\"position\":1,\"name\":\"Inicio\",\"item\":\"https:\\\/\\\/www.lafisioterapia.cat\\\/es\\\/\"},{\"@type\":\"ListItem\",\"position\":2,\"name\":\"Inici\"}]},{\"@type\":\"WebSite\",\"@id\":\"https:\\\/\\\/www.lafisioterapia.cat\\\/es\\\/#website\",\"url\":\"https:\\\/\\\/www.lafisioterapia.cat\\\/es\\\/\",\"name\":\"L\u00d3PEZ ARCHS FISIOTER\u00c0PIA\",\"description\":\"Centre de fisioter\u00e0pia, massatge i osteopatia a Tarragona\",\"publisher\":{\"@id\":\"https:\\\/\\\/www.lafisioterapia.cat\\\/es\\\/#organization\"},\"potentialAction\":[{\"@type\":\"SearchAction\",\"target\":{\"@type\":\"EntryPoint\",\"urlTemplate\":\"https:\\\/\\\/www.lafisioterapia.cat\\\/es\\\/?s={search_term_string}\"},\"query-input\":{\"@type\":\"PropertyValueSpecification\",\"valueRequired\":true,\"valueName\":\"search_term_string\"}}],\"inLanguage\":\"es\"},{\"@type\":\"Organization\",\"@id\":\"https:\\\/\\\/www.lafisioterapia.cat\\\/es\\\/#organization\",\"name\":\"L\u00d3PEZ ARCHS FISIOTER\u00c0PIA\",\"url\":\"https:\\\/\\\/www.lafisioterapia.cat\\\/es\\\/\",\"logo\":{\"@type\":\"ImageObject\",\"inLanguage\":\"es\",\"@id\":\"https:\\\/\\\/www.lafisioterapia.cat\\\/es\\\/#\\\/schema\\\/logo\\\/image\\\/\",\"url\":\"https:\\\/\\\/www.lafisioterapia.cat\\\/wp-content\\\/uploads\\\/2019\\\/07\\\/logo_lopez_archs.png\",\"contentUrl\":\"https:\\\/\\\/www.lafisioterapia.cat\\\/wp-content\\\/uploads\\\/2019\\\/07\\\/logo_lopez_archs.png\",\"width\":243,\"height\":122,\"caption\":\"L\u00d3PEZ ARCHS FISIOTER\u00c0PIA\"},\"image\":{\"@id\":\"https:\\\/\\\/www.lafisioterapia.cat\\\/es\\\/#\\\/schema\\\/logo\\\/image\\\/\"},\"sameAs\":[\"https:\\\/\\\/www.facebook.com\\\/LOPEZARCHS\",\"https:\\\/\\\/x.com\\\/lopezarchs\",\"https:\\\/\\\/www.instagram.com\\\/lopezarchs\\\/\"]}]}<\/script>\n<!-- \/ Yoast SEO plugin. -->","yoast_head_json":{"title":"L\u00f3pez Archs | Centro de fisioterapia, masaje y osteopat\u00eda en Tarragona","description":"Su centro de salud de referencia en Tarragona, pioneros en el masaje terap\u00e9utico y en el masaje deportivo de la ciudad desde hace m\u00e1s de 45 a\u00f1os, as\u00ed como de la fisioterapia desde hace m\u00e1s de 20.","robots":{"index":"index","follow":"follow","max-snippet":"max-snippet:-1","max-image-preview":"max-image-preview:large","max-video-preview":"max-video-preview:-1"},"canonical":"https:\/\/www.lafisioterapia.cat\/es\/","og_locale":"es_ES","og_type":"article","og_title":"L\u00f3pez Archs | Centre de fisioter\u00e0pia, massatge i osteopatia a Tarragona","og_description":"El vostre centre de salut de refer\u00e8ncia a Tarragona, pioners en el massatge terap\u00e8utic i en el massatge esportiu de la ciutat des de fa m\u00e9s de 45 anys aix\u00ed com de la fisioter\u00e0pia des de fa m\u00e9s de 20.","og_url":"https:\/\/www.lafisioterapia.cat\/es\/","og_site_name":"L\u00d3PEZ ARCHS FISIOTER\u00c0PIA","article_publisher":"https:\/\/www.facebook.com\/LOPEZARCHS","article_modified_time":"2026-05-09T17:23:19+00:00","og_image":[{"width":3075,"height":1541,"url":"https:\/\/www.lafisioterapia.cat\/wp-content\/uploads\/2026\/03\/columna.jpg","type":"image\/jpeg"}],"twitter_card":"summary_large_image","twitter_site":"@lopezarchs","schema":{"@context":"https:\/\/schema.org","@graph":[{"@type":"WebPage","@id":"https:\/\/www.lafisioterapia.cat\/es\/","url":"https:\/\/www.lafisioterapia.cat\/es\/","name":"L\u00f3pez Archs | Centro de fisioterapia, masaje y osteopat\u00eda en Tarragona","isPartOf":{"@id":"https:\/\/www.lafisioterapia.cat\/es\/#website"},"primaryImageOfPage":{"@id":"https:\/\/www.lafisioterapia.cat\/es\/#primaryimage"},"image":{"@id":"https:\/\/www.lafisioterapia.cat\/es\/#primaryimage"},"thumbnailUrl":"https:\/\/www.lafisioterapia.cat\/wp-content\/uploads\/2026\/03\/columna.jpg","datePublished":"2019-07-29T14:10:48+00:00","dateModified":"2026-05-09T17:23:19+00:00","description":"Su centro de salud de referencia en Tarragona, pioneros en el masaje terap\u00e9utico y en el masaje deportivo de la ciudad desde hace m\u00e1s de 45 a\u00f1os, as\u00ed como de la fisioterapia desde hace m\u00e1s de 20.","breadcrumb":{"@id":"https:\/\/www.lafisioterapia.cat\/es\/#breadcrumb"},"inLanguage":"es","potentialAction":[{"@type":"ReadAction","target":["https:\/\/www.lafisioterapia.cat\/es\/"]}]},{"@type":"ImageObject","inLanguage":"es","@id":"https:\/\/www.lafisioterapia.cat\/es\/#primaryimage","url":"https:\/\/www.lafisioterapia.cat\/wp-content\/uploads\/2026\/03\/columna.jpg","contentUrl":"https:\/\/www.lafisioterapia.cat\/wp-content\/uploads\/2026\/03\/columna.jpg","width":3075,"height":1541},{"@type":"BreadcrumbList","@id":"https:\/\/www.lafisioterapia.cat\/es\/#breadcrumb","itemListElement":[{"@type":"ListItem","position":1,"name":"Inicio","item":"https:\/\/www.lafisioterapia.cat\/es\/"},{"@type":"ListItem","position":2,"name":"Inici"}]},{"@type":"WebSite","@id":"https:\/\/www.lafisioterapia.cat\/es\/#website","url":"https:\/\/www.lafisioterapia.cat\/es\/","name":"L\u00d3PEZ ARCHS FISIOTERAPIA","description":"Centro de fisioterapia, masaje y osteopat\u00eda en Tarragona","publisher":{"@id":"https:\/\/www.lafisioterapia.cat\/es\/#organization"},"potentialAction":[{"@type":"SearchAction","target":{"@type":"EntryPoint","urlTemplate":"https:\/\/www.lafisioterapia.cat\/es\/?s={search_term_string}"},"query-input":{"@type":"PropertyValueSpecification","valueRequired":true,"valueName":"search_term_string"}}],"inLanguage":"es"},{"@type":"Organization","@id":"https:\/\/www.lafisioterapia.cat\/es\/#organization","name":"L\u00d3PEZ ARCHS FISIOTERAPIA","url":"https:\/\/www.lafisioterapia.cat\/es\/","logo":{"@type":"ImageObject","inLanguage":"es","@id":"https:\/\/www.lafisioterapia.cat\/es\/#\/schema\/logo\/image\/","url":"https:\/\/www.lafisioterapia.cat\/wp-content\/uploads\/2019\/07\/logo_lopez_archs.png","contentUrl":"https:\/\/www.lafisioterapia.cat\/wp-content\/uploads\/2019\/07\/logo_lopez_archs.png","width":243,"height":122,"caption":"L\u00d3PEZ ARCHS FISIOTER\u00c0PIA"},"image":{"@id":"https:\/\/www.lafisioterapia.cat\/es\/#\/schema\/logo\/image\/"},"sameAs":["https:\/\/www.facebook.com\/LOPEZARCHS","https:\/\/x.com\/lopezarchs","https:\/\/www.instagram.com\/lopezarchs\/"]}]}},"jetpack_sharing_enabled":true,"post_mailing_queue_ids":[],"_links":{"self":[{"href":"https:\/\/www.lafisioterapia.cat\/es\/wp-json\/wp\/v2\/pages\/166","targetHints":{"allow":["GET"]}}],"collection":[{"href":"https:\/\/www.lafisioterapia.cat\/es\/wp-json\/wp\/v2\/pages"}],"about":[{"href":"https:\/\/www.lafisioterapia.cat\/es\/wp-json\/wp\/v2\/types\/page"}],"author":[{"embeddable":true,"href":"https:\/\/www.lafisioterapia.cat\/es\/wp-json\/wp\/v2\/users\/2"}],"replies":[{"embeddable":true,"href":"https:\/\/www.lafisioterapia.cat\/es\/wp-json\/wp\/v2\/comments?post=166"}],"version-history":[{"count":40,"href":"https:\/\/www.lafisioterapia.cat\/es\/wp-json\/wp\/v2\/pages\/166\/revisions"}],"predecessor-version":[{"id":1442,"href":"https:\/\/www.lafisioterapia.cat\/es\/wp-json\/wp\/v2\/pages\/166\/revisions\/1442"}],"wp:featuredmedia":[{"embeddable":true,"href":"https:\/\/www.lafisioterapia.cat\/es\/wp-json\/wp\/v2\/media\/1269"}],"wp:attachment":[{"href":"https:\/\/www.lafisioterapia.cat\/es\/wp-json\/wp\/v2\/media?parent=166"}],"curies":[{"name":"wp","href":"https:\/\/api.w.org\/{rel}","templated":true}]}}