{"id":136,"date":"2019-07-28T22:22:25","date_gmt":"2019-07-28T22:22:25","guid":{"rendered":"https:\/\/www.lafisioterapia.cat\/?page_id=136"},"modified":"2019-08-22T12:17:58","modified_gmt":"2019-08-22T12:17:58","slug":"estamos-aqui","status":"publish","type":"page","link":"https:\/\/www.lafisioterapia.cat\/es\/estem-aqui\/","title":{"rendered":"Estamos aqu\u00ed"},"content":{"rendered":"\t\t<div data-elementor-type=\"wp-post\" data-elementor-id=\"136\" class=\"elementor elementor-136\">\n\t\t\t\t\t\t<section class=\"elementor-section elementor-top-section elementor-element elementor-element-b65d998 elementor-section-boxed elementor-section-height-default elementor-section-height-default\" data-id=\"b65d998\" data-element_type=\"section\" data-e-type=\"section\">\n\t\t\t\t\t\t<div class=\"elementor-container elementor-column-gap-default\">\n\t\t\t\t\t<div class=\"elementor-column elementor-col-100 elementor-top-column elementor-element elementor-element-a349047\" data-id=\"a349047\" data-element_type=\"column\" data-e-type=\"column\">\n\t\t\t<div class=\"elementor-widget-wrap elementor-element-populated\">\n\t\t\t\t\t\t<div class=\"elementor-element elementor-element-3b85d45 elementor-widget elementor-widget-spacer\" data-id=\"3b85d45\" data-element_type=\"widget\" data-e-type=\"widget\" data-widget_type=\"spacer.default\">\n\t\t\t\t<div class=\"elementor-widget-container\">\n\t\t\t\t\t\t\t<div class=\"elementor-spacer\">\n\t\t\t<div class=\"elementor-spacer-inner\"><\/div>\n\t\t<\/div>\n\t\t\t\t\t\t<\/div>\n\t\t\t\t<\/div>\n\t\t\t\t\t<\/div>\n\t\t<\/div>\n\t\t\t\t\t<\/div>\n\t\t<\/section>\n\t\t\t\t<section class=\"elementor-section elementor-top-section elementor-element elementor-element-c5ee681 elementor-section-boxed elementor-section-height-default elementor-section-height-default\" data-id=\"c5ee681\" data-element_type=\"section\" data-e-type=\"section\">\n\t\t\t\t\t\t<div class=\"elementor-container elementor-column-gap-default\">\n\t\t\t\t\t<div class=\"elementor-column elementor-col-100 elementor-top-column elementor-element elementor-element-f7f3ccf\" data-id=\"f7f3ccf\" data-element_type=\"column\" data-e-type=\"column\">\n\t\t\t<div class=\"elementor-widget-wrap elementor-element-populated\">\n\t\t\t\t\t\t<div class=\"elementor-element elementor-element-fe17579 elementor-widget elementor-widget-text-editor\" data-id=\"fe17579\" data-element_type=\"widget\" data-e-type=\"widget\" data-widget_type=\"text-editor.default\">\n\t\t\t\t<div class=\"elementor-widget-container\">\n\t\t\t\t\t\t\t\t\t<h3>L\u00f3pez-Archs<\/h3>Centre de fisioter\u00e0pia global a Tarragona\t\t\t\t\t\t\t\t<\/div>\n\t\t\t\t<\/div>\n\t\t\t\t\t<\/div>\n\t\t<\/div>\n\t\t\t\t\t<\/div>\n\t\t<\/section>\n\t\t\t\t<section class=\"elementor-section elementor-top-section elementor-element elementor-element-d221b61 bro_contact elementor-section-boxed elementor-section-height-default elementor-section-height-default\" data-id=\"d221b61\" data-element_type=\"section\" data-e-type=\"section\">\n\t\t\t\t\t\t<div class=\"elementor-container elementor-column-gap-default\">\n\t\t\t\t\t<div class=\"elementor-column elementor-col-50 elementor-top-column elementor-element elementor-element-cde0690\" data-id=\"cde0690\" data-element_type=\"column\" data-e-type=\"column\">\n\t\t\t<div class=\"elementor-widget-wrap elementor-element-populated\">\n\t\t\t\t\t\t<div class=\"elementor-element elementor-element-cc63581 elementor-widget elementor-widget-shortcode\" data-id=\"cc63581\" data-element_type=\"widget\" data-e-type=\"widget\" data-widget_type=\"shortcode.default\">\n\t\t\t\t<div class=\"elementor-widget-container\">\n\t\t\t\t\t\t\t<div class=\"elementor-shortcode\"><div class=\"wpforms-container wpforms-container-full hola\" id=\"wpforms-149\"><form id=\"wpforms-form-149\" class=\"wpforms-validate wpforms-form\" data-formid=\"149\" method=\"post\" enctype=\"multipart\/form-data\" action=\"\/es\/wp-json\/wp\/v2\/pages\/136\" data-token=\"0c277f54539fe3a2d22ea5862ff84297\" data-token-time=\"1778714035\"><noscript class=\"wpforms-error-noscript\">Por favor, activa JavaScript en tu navegador para completar este formulario.<\/noscript><div class=\"wpforms-field-container\"><div id=\"wpforms-149-field_4-container\" class=\"wpforms-field wpforms-field-name\" data-field-id=\"4\"><label class=\"wpforms-field-label\" for=\"wpforms-149-field_4\">Nom <span class=\"wpforms-required-label\">*<\/span><\/label><input type=\"text\" id=\"wpforms-149-field_4\" class=\"wpforms-field-large wpforms-field-required\" name=\"wpforms[fields][4]\" required><\/div><div id=\"wpforms-149-field_1-container\" class=\"wpforms-field wpforms-field-email\" data-field-id=\"1\"><label class=\"wpforms-field-label\" for=\"wpforms-149-field_1\">Correu electr\u00f2nic <span class=\"wpforms-required-label\">*<\/span><\/label><input type=\"email\" id=\"wpforms-149-field_1\" class=\"wpforms-field-large wpforms-field-required\" name=\"wpforms[fields][1]\" spellcheck=\"false\" required><\/div><div id=\"wpforms-149-field_2-container\" class=\"wpforms-field wpforms-field-textarea\" data-field-id=\"2\"><label class=\"wpforms-field-label\" for=\"wpforms-149-field_2\">Missatge <span class=\"wpforms-required-label\">*<\/span><\/label><textarea id=\"wpforms-149-field_2\" class=\"wpforms-field-medium wpforms-field-required\" name=\"wpforms[fields][2]\" required><\/textarea><\/div><\/div><!-- .wpforms-field-container --><div class=\"wpforms-field wpforms-field-hp\"><label for=\"wpforms-149-field-hp\" class=\"wpforms-field-label\">Phone<\/label><input type=\"text\" name=\"wpforms[hp]\" id=\"wpforms-149-field-hp\" class=\"wpforms-field-medium\"><\/div><div class=\"wpforms-submit-container\" ><input type=\"hidden\" name=\"wpforms[id]\" value=\"149\"><input type=\"hidden\" name=\"page_title\" value=\"\"><input type=\"hidden\" name=\"page_url\" value=\"https:\/\/www.lafisioterapia.cat\/es\/wp-json\/wp\/v2\/pages\/136\"><input type=\"hidden\" name=\"url_referer\" value=\"\"><button type=\"submit\" name=\"wpforms[submit]\" id=\"wpforms-submit-149\" class=\"wpforms-submit\" data-alt-text=\"Sending...\" data-submit-text=\"Submit\" aria-live=\"assertive\" value=\"wpforms-submit\">Submit<\/button><\/div><\/form><\/div>  <!-- .wpforms-container --><\/div>\n\t\t\t\t\t\t<\/div>\n\t\t\t\t<\/div>\n\t\t\t\t\t<\/div>\n\t\t<\/div>\n\t\t\t\t<div class=\"elementor-column elementor-col-50 elementor-top-column elementor-element elementor-element-17e2c36\" data-id=\"17e2c36\" data-element_type=\"column\" data-e-type=\"column\">\n\t\t\t<div class=\"elementor-widget-wrap elementor-element-populated\">\n\t\t\t\t\t\t<div class=\"elementor-element elementor-element-3addef9 elementor-widget elementor-widget-spacer\" data-id=\"3addef9\" data-element_type=\"widget\" data-e-type=\"widget\" data-widget_type=\"spacer.default\">\n\t\t\t\t<div class=\"elementor-widget-container\">\n\t\t\t\t\t\t\t<div class=\"elementor-spacer\">\n\t\t\t<div class=\"elementor-spacer-inner\"><\/div>\n\t\t<\/div>\n\t\t\t\t\t\t<\/div>\n\t\t\t\t<\/div>\n\t\t\t\t<div class=\"elementor-element elementor-element-6adb708 elementor-widget elementor-widget-heading\" data-id=\"6adb708\" data-element_type=\"widget\" data-e-type=\"widget\" data-widget_type=\"heading.default\">\n\t\t\t\t<div class=\"elementor-widget-container\">\n\t\t\t\t\t<h2 class=\"elementor-heading-title elementor-size-default\">L\u00f3pez-Archs <\/h2>\t\t\t\t<\/div>\n\t\t\t\t<\/div>\n\t\t\t\t<div class=\"elementor-element elementor-element-4ed68ce elementor-widget elementor-widget-text-editor\" data-id=\"4ed68ce\" data-element_type=\"widget\" data-e-type=\"widget\" data-widget_type=\"text-editor.default\">\n\t\t\t\t<div class=\"elementor-widget-container\">\n\t\t\t\t\t\t\t\t\t<p>AV. RAMON I CAJAL 19, 3-3<br \/>43001 Tarragona<\/p>\t\t\t\t\t\t\t\t<\/div>\n\t\t\t\t<\/div>\n\t\t\t\t<div class=\"elementor-element elementor-element-5aec65e elementor-widget elementor-widget-spacer\" data-id=\"5aec65e\" data-element_type=\"widget\" data-e-type=\"widget\" data-widget_type=\"spacer.default\">\n\t\t\t\t<div class=\"elementor-widget-container\">\n\t\t\t\t\t\t\t<div class=\"elementor-spacer\">\n\t\t\t<div class=\"elementor-spacer-inner\"><\/div>\n\t\t<\/div>\n\t\t\t\t\t\t<\/div>\n\t\t\t\t<\/div>\n\t\t\t\t<div class=\"elementor-element elementor-element-bab5291 elementor-widget elementor-widget-heading\" data-id=\"bab5291\" data-element_type=\"widget\" data-e-type=\"widget\" data-widget_type=\"heading.default\">\n\t\t\t\t<div class=\"elementor-widget-container\">\n\t\t\t\t\t<h2 class=\"elementor-heading-title elementor-size-default\">Tel\u00e8fon<\/h2>\t\t\t\t<\/div>\n\t\t\t\t<\/div>\n\t\t\t\t<div class=\"elementor-element elementor-element-5e1f077 elementor-widget elementor-widget-text-editor\" data-id=\"5e1f077\" data-element_type=\"widget\" data-e-type=\"widget\" data-widget_type=\"text-editor.default\">\n\t\t\t\t<div class=\"elementor-widget-container\">\n\t\t\t\t\t\t\t\t\t<p>977 213 548<\/p>\t\t\t\t\t\t\t\t<\/div>\n\t\t\t\t<\/div>\n\t\t\t\t<div class=\"elementor-element elementor-element-3369257 elementor-widget elementor-widget-spacer\" data-id=\"3369257\" data-element_type=\"widget\" data-e-type=\"widget\" data-widget_type=\"spacer.default\">\n\t\t\t\t<div class=\"elementor-widget-container\">\n\t\t\t\t\t\t\t<div class=\"elementor-spacer\">\n\t\t\t<div class=\"elementor-spacer-inner\"><\/div>\n\t\t<\/div>\n\t\t\t\t\t\t<\/div>\n\t\t\t\t<\/div>\n\t\t\t\t<div class=\"elementor-element elementor-element-b7bc695 elementor-widget elementor-widget-heading\" data-id=\"b7bc695\" data-element_type=\"widget\" data-e-type=\"widget\" data-widget_type=\"heading.default\">\n\t\t\t\t<div class=\"elementor-widget-container\">\n\t\t\t\t\t<h2 class=\"elementor-heading-title elementor-size-default\">Correu electr\u00f2nic\n<\/h2>\t\t\t\t<\/div>\n\t\t\t\t<\/div>\n\t\t\t\t<div class=\"elementor-element elementor-element-b85f247 elementor-widget elementor-widget-text-editor\" data-id=\"b85f247\" data-element_type=\"widget\" data-e-type=\"widget\" data-widget_type=\"text-editor.default\">\n\t\t\t\t<div class=\"elementor-widget-container\">\n\t\t\t\t\t\t\t\t\t<p>info@lafisioterapia.cat<\/p>\t\t\t\t\t\t\t\t<\/div>\n\t\t\t\t<\/div>\n\t\t\t\t\t<\/div>\n\t\t<\/div>\n\t\t\t\t\t<\/div>\n\t\t<\/section>\n\t\t\t\t<section class=\"elementor-section elementor-top-section elementor-element elementor-element-e375c47 elementor-section-boxed elementor-section-height-default elementor-section-height-default\" data-id=\"e375c47\" data-element_type=\"section\" data-e-type=\"section\">\n\t\t\t\t\t\t<div class=\"elementor-container elementor-column-gap-default\">\n\t\t\t\t\t<div class=\"elementor-column elementor-col-100 elementor-top-column elementor-element elementor-element-9bd5f3e\" data-id=\"9bd5f3e\" data-element_type=\"column\" data-e-type=\"column\">\n\t\t\t<div class=\"elementor-widget-wrap elementor-element-populated\">\n\t\t\t\t\t\t<div class=\"elementor-element elementor-element-f34cba8 elementor-widget elementor-widget-google_maps\" data-id=\"f34cba8\" data-element_type=\"widget\" data-e-type=\"widget\" data-widget_type=\"google_maps.default\">\n\t\t\t\t<div class=\"elementor-widget-container\">\n\t\t\t\t\t\t\t<div class=\"elementor-custom-embed\">\n\t\t\t<iframe loading=\"lazy\"\n\t\t\t\t\tsrc=\"https:\/\/maps.google.com\/maps?q=Avinguda%20de%20Ram%C3%B3n%20y%20Cajal%2C%2019%2C%203%2C%2043001%20Tarragona&#038;t=m&#038;z=17&#038;output=embed&#038;iwloc=near\"\n\t\t\t\t\ttitle=\"Avinguda de Ram\u00f3n y Cajal, 19, 3, 43001 Tarragona\"\n\t\t\t\t\taria-label=\"Avinguda de Ram\u00f3n y Cajal, 19, 3, 43001 Tarragona\"\n\t\t\t><\/iframe>\n\t\t<\/div>\n\t\t\t\t\t\t<\/div>\n\t\t\t\t<\/div>\n\t\t\t\t\t<\/div>\n\t\t<\/div>\n\t\t\t\t\t<\/div>\n\t\t<\/section>\n\t\t\t\t<section class=\"elementor-section elementor-top-section elementor-element elementor-element-22acc67 elementor-section-boxed elementor-section-height-default elementor-section-height-default\" data-id=\"22acc67\" data-element_type=\"section\" data-e-type=\"section\">\n\t\t\t\t\t\t<div class=\"elementor-container elementor-column-gap-default\">\n\t\t\t\t\t<div class=\"elementor-column elementor-col-100 elementor-top-column elementor-element elementor-element-31610c2\" data-id=\"31610c2\" data-element_type=\"column\" data-e-type=\"column\">\n\t\t\t<div class=\"elementor-widget-wrap elementor-element-populated\">\n\t\t\t\t\t\t<div class=\"elementor-element elementor-element-6b5358f elementor-widget elementor-widget-spacer\" data-id=\"6b5358f\" data-element_type=\"widget\" data-e-type=\"widget\" data-widget_type=\"spacer.default\">\n\t\t\t\t<div class=\"elementor-widget-container\">\n\t\t\t\t\t\t\t<div class=\"elementor-spacer\">\n\t\t\t<div class=\"elementor-spacer-inner\"><\/div>\n\t\t<\/div>\n\t\t\t\t\t\t<\/div>\n\t\t\t\t<\/div>\n\t\t\t\t\t<\/div>\n\t\t<\/div>\n\t\t\t\t\t<\/div>\n\t\t<\/section>\n\t\t\t\t<\/div>\n\t\t","protected":false},"excerpt":{"rendered":"<p>L\u00f3pez-Archs Centre de fisioter\u00e0pia global a Tarragona L\u00f3pez-Archs AV. RAMON I CAJAL 19, 3-343001 Tarragona Tel\u00e8fon 977 213 548 Correu electr\u00f2nic info@lafisioterapia.cat<\/p>","protected":false},"author":2,"featured_media":846,"parent":0,"menu_order":0,"comment_status":"closed","ping_status":"closed","template":"elementor_header_footer","meta":{"footnotes":""},"class_list":["post-136","page","type-page","status-publish","has-post-thumbnail","hentry"],"yoast_head":"<!-- This site is optimized with the Yoast SEO plugin v27.5 - https:\/\/yoast.com\/product\/yoast-seo-wordpress\/ -->\n<title>L\u00f3pez Archs | Estem aqu\u00ed<\/title>\n<meta name=\"description\" content=\"Direcci\u00f3: Av. Ram\u00f3n y Cajal, 19, Tarragona. Tel\u00e8fon+34 977 21 35 48. Email: info@lafisioterapia.cat.\" \/>\n<meta name=\"robots\" content=\"index, follow, max-snippet:-1, max-image-preview:large, max-video-preview:-1\" \/>\n<link rel=\"canonical\" href=\"https:\/\/www.lafisioterapia.cat\/es\/estamos-aqui\/\" \/>\n<meta property=\"og:locale\" content=\"es_ES\" \/>\n<meta property=\"og:type\" content=\"article\" \/>\n<meta property=\"og:title\" content=\"L\u00f3pez Archs | Estem aqu\u00ed\" \/>\n<meta property=\"og:description\" content=\"Direcci\u00f3: Av. Ram\u00f3n y Cajal, 19, Tarragona. Tel\u00e8fon+34 977 21 35 48. Email: info@lafisioterapia.cat.\" \/>\n<meta property=\"og:url\" content=\"https:\/\/www.lafisioterapia.cat\/es\/estamos-aqui\/\" \/>\n<meta property=\"og:site_name\" content=\"L\u00d3PEZ ARCHS FISIOTER\u00c0PIA\" \/>\n<meta property=\"article:publisher\" content=\"https:\/\/www.facebook.com\/LOPEZARCHS\" \/>\n<meta property=\"article:modified_time\" content=\"2019-08-22T12:17:58+00:00\" \/>\n<meta property=\"og:image\" content=\"https:\/\/www.lafisioterapia.cat\/wp-content\/uploads\/2019\/08\/estemaquibanner.jpg\" \/>\n\t<meta property=\"og:image:width\" content=\"1152\" \/>\n\t<meta property=\"og:image:height\" content=\"442\" \/>\n\t<meta property=\"og:image:type\" content=\"image\/jpeg\" \/>\n<meta name=\"twitter:card\" content=\"summary_large_image\" \/>\n<meta name=\"twitter:site\" content=\"@lopezarchs\" \/>\n<script type=\"application\/ld+json\" class=\"yoast-schema-graph\">{\"@context\":\"https:\\\/\\\/schema.org\",\"@graph\":[{\"@type\":\"WebPage\",\"@id\":\"https:\\\/\\\/www.lafisioterapia.cat\\\/estem-aqui\\\/\",\"url\":\"https:\\\/\\\/www.lafisioterapia.cat\\\/estem-aqui\\\/\",\"name\":\"L\u00f3pez Archs | Estem aqu\u00ed\",\"isPartOf\":{\"@id\":\"https:\\\/\\\/www.lafisioterapia.cat\\\/es\\\/#website\"},\"primaryImageOfPage\":{\"@id\":\"https:\\\/\\\/www.lafisioterapia.cat\\\/estem-aqui\\\/#primaryimage\"},\"image\":{\"@id\":\"https:\\\/\\\/www.lafisioterapia.cat\\\/estem-aqui\\\/#primaryimage\"},\"thumbnailUrl\":\"https:\\\/\\\/www.lafisioterapia.cat\\\/wp-content\\\/uploads\\\/2019\\\/08\\\/estemaquibanner.jpg\",\"datePublished\":\"2019-07-28T22:22:25+00:00\",\"dateModified\":\"2019-08-22T12:17:58+00:00\",\"description\":\"Direcci\u00f3: Av. Ram\u00f3n y Cajal, 19, Tarragona. Tel\u00e8fon+34 977 21 35 48. Email: info@lafisioterapia.cat.\",\"breadcrumb\":{\"@id\":\"https:\\\/\\\/www.lafisioterapia.cat\\\/estem-aqui\\\/#breadcrumb\"},\"inLanguage\":\"es\",\"potentialAction\":[{\"@type\":\"ReadAction\",\"target\":[\"https:\\\/\\\/www.lafisioterapia.cat\\\/estem-aqui\\\/\"]}]},{\"@type\":\"ImageObject\",\"inLanguage\":\"es\",\"@id\":\"https:\\\/\\\/www.lafisioterapia.cat\\\/estem-aqui\\\/#primaryimage\",\"url\":\"https:\\\/\\\/www.lafisioterapia.cat\\\/wp-content\\\/uploads\\\/2019\\\/08\\\/estemaquibanner.jpg\",\"contentUrl\":\"https:\\\/\\\/www.lafisioterapia.cat\\\/wp-content\\\/uploads\\\/2019\\\/08\\\/estemaquibanner.jpg\",\"width\":1152,\"height\":442},{\"@type\":\"BreadcrumbList\",\"@id\":\"https:\\\/\\\/www.lafisioterapia.cat\\\/estem-aqui\\\/#breadcrumb\",\"itemListElement\":[{\"@type\":\"ListItem\",\"position\":1,\"name\":\"Inicio\",\"item\":\"https:\\\/\\\/www.lafisioterapia.cat\\\/es\\\/\"},{\"@type\":\"ListItem\",\"position\":2,\"name\":\"Estem aqu\u00ed\"}]},{\"@type\":\"WebSite\",\"@id\":\"https:\\\/\\\/www.lafisioterapia.cat\\\/es\\\/#website\",\"url\":\"https:\\\/\\\/www.lafisioterapia.cat\\\/es\\\/\",\"name\":\"L\u00d3PEZ ARCHS FISIOTER\u00c0PIA\",\"description\":\"Centre de fisioter\u00e0pia, massatge i osteopatia a Tarragona\",\"publisher\":{\"@id\":\"https:\\\/\\\/www.lafisioterapia.cat\\\/es\\\/#organization\"},\"potentialAction\":[{\"@type\":\"SearchAction\",\"target\":{\"@type\":\"EntryPoint\",\"urlTemplate\":\"https:\\\/\\\/www.lafisioterapia.cat\\\/es\\\/?s={search_term_string}\"},\"query-input\":{\"@type\":\"PropertyValueSpecification\",\"valueRequired\":true,\"valueName\":\"search_term_string\"}}],\"inLanguage\":\"es\"},{\"@type\":\"Organization\",\"@id\":\"https:\\\/\\\/www.lafisioterapia.cat\\\/es\\\/#organization\",\"name\":\"L\u00d3PEZ ARCHS FISIOTER\u00c0PIA\",\"url\":\"https:\\\/\\\/www.lafisioterapia.cat\\\/es\\\/\",\"logo\":{\"@type\":\"ImageObject\",\"inLanguage\":\"es\",\"@id\":\"https:\\\/\\\/www.lafisioterapia.cat\\\/es\\\/#\\\/schema\\\/logo\\\/image\\\/\",\"url\":\"https:\\\/\\\/www.lafisioterapia.cat\\\/wp-content\\\/uploads\\\/2019\\\/07\\\/logo_lopez_archs.png\",\"contentUrl\":\"https:\\\/\\\/www.lafisioterapia.cat\\\/wp-content\\\/uploads\\\/2019\\\/07\\\/logo_lopez_archs.png\",\"width\":243,\"height\":122,\"caption\":\"L\u00d3PEZ ARCHS FISIOTER\u00c0PIA\"},\"image\":{\"@id\":\"https:\\\/\\\/www.lafisioterapia.cat\\\/es\\\/#\\\/schema\\\/logo\\\/image\\\/\"},\"sameAs\":[\"https:\\\/\\\/www.facebook.com\\\/LOPEZARCHS\",\"https:\\\/\\\/x.com\\\/lopezarchs\",\"https:\\\/\\\/www.instagram.com\\\/lopezarchs\\\/\"]}]}<\/script>\n<!-- \/ Yoast SEO plugin. -->","yoast_head_json":{"title":"L\u00f3pez Archs | Estamos aqu\u00ed","description":"Direcci\u00f3n: Av. Ram\u00f3n y Cajal, 19, Tarragona. Tel\u00e9fono +34 977 21 35 48. Email: info@lafisioterapia.cat.","robots":{"index":"index","follow":"follow","max-snippet":"max-snippet:-1","max-image-preview":"max-image-preview:large","max-video-preview":"max-video-preview:-1"},"canonical":"https:\/\/www.lafisioterapia.cat\/es\/estamos-aqui\/","og_locale":"es_ES","og_type":"article","og_title":"L\u00f3pez Archs | Estem aqu\u00ed","og_description":"Direcci\u00f3: Av. Ram\u00f3n y Cajal, 19, Tarragona. Tel\u00e8fon+34 977 21 35 48. Email: info@lafisioterapia.cat.","og_url":"https:\/\/www.lafisioterapia.cat\/es\/estamos-aqui\/","og_site_name":"L\u00d3PEZ ARCHS FISIOTER\u00c0PIA","article_publisher":"https:\/\/www.facebook.com\/LOPEZARCHS","article_modified_time":"2019-08-22T12:17:58+00:00","og_image":[{"width":1152,"height":442,"url":"https:\/\/www.lafisioterapia.cat\/wp-content\/uploads\/2019\/08\/estemaquibanner.jpg","type":"image\/jpeg"}],"twitter_card":"summary_large_image","twitter_site":"@lopezarchs","schema":{"@context":"https:\/\/schema.org","@graph":[{"@type":"WebPage","@id":"https:\/\/www.lafisioterapia.cat\/estem-aqui\/","url":"https:\/\/www.lafisioterapia.cat\/estem-aqui\/","name":"L\u00f3pez Archs | Estamos aqu\u00ed","isPartOf":{"@id":"https:\/\/www.lafisioterapia.cat\/es\/#website"},"primaryImageOfPage":{"@id":"https:\/\/www.lafisioterapia.cat\/estem-aqui\/#primaryimage"},"image":{"@id":"https:\/\/www.lafisioterapia.cat\/estem-aqui\/#primaryimage"},"thumbnailUrl":"https:\/\/www.lafisioterapia.cat\/wp-content\/uploads\/2019\/08\/estemaquibanner.jpg","datePublished":"2019-07-28T22:22:25+00:00","dateModified":"2019-08-22T12:17:58+00:00","description":"Direcci\u00f3n: Av. Ram\u00f3n y Cajal, 19, Tarragona. Tel\u00e9fono +34 977 21 35 48. Email: info@lafisioterapia.cat.","breadcrumb":{"@id":"https:\/\/www.lafisioterapia.cat\/estem-aqui\/#breadcrumb"},"inLanguage":"es","potentialAction":[{"@type":"ReadAction","target":["https:\/\/www.lafisioterapia.cat\/estem-aqui\/"]}]},{"@type":"ImageObject","inLanguage":"es","@id":"https:\/\/www.lafisioterapia.cat\/estem-aqui\/#primaryimage","url":"https:\/\/www.lafisioterapia.cat\/wp-content\/uploads\/2019\/08\/estemaquibanner.jpg","contentUrl":"https:\/\/www.lafisioterapia.cat\/wp-content\/uploads\/2019\/08\/estemaquibanner.jpg","width":1152,"height":442},{"@type":"BreadcrumbList","@id":"https:\/\/www.lafisioterapia.cat\/estem-aqui\/#breadcrumb","itemListElement":[{"@type":"ListItem","position":1,"name":"Inicio","item":"https:\/\/www.lafisioterapia.cat\/es\/"},{"@type":"ListItem","position":2,"name":"Estem aqu\u00ed"}]},{"@type":"WebSite","@id":"https:\/\/www.lafisioterapia.cat\/es\/#website","url":"https:\/\/www.lafisioterapia.cat\/es\/","name":"L\u00d3PEZ ARCHS FISIOTERAPIA","description":"Centro de fisioterapia, masaje y osteopat\u00eda en Tarragona","publisher":{"@id":"https:\/\/www.lafisioterapia.cat\/es\/#organization"},"potentialAction":[{"@type":"SearchAction","target":{"@type":"EntryPoint","urlTemplate":"https:\/\/www.lafisioterapia.cat\/es\/?s={search_term_string}"},"query-input":{"@type":"PropertyValueSpecification","valueRequired":true,"valueName":"search_term_string"}}],"inLanguage":"es"},{"@type":"Organization","@id":"https:\/\/www.lafisioterapia.cat\/es\/#organization","name":"L\u00d3PEZ ARCHS FISIOTERAPIA","url":"https:\/\/www.lafisioterapia.cat\/es\/","logo":{"@type":"ImageObject","inLanguage":"es","@id":"https:\/\/www.lafisioterapia.cat\/es\/#\/schema\/logo\/image\/","url":"https:\/\/www.lafisioterapia.cat\/wp-content\/uploads\/2019\/07\/logo_lopez_archs.png","contentUrl":"https:\/\/www.lafisioterapia.cat\/wp-content\/uploads\/2019\/07\/logo_lopez_archs.png","width":243,"height":122,"caption":"L\u00d3PEZ ARCHS FISIOTER\u00c0PIA"},"image":{"@id":"https:\/\/www.lafisioterapia.cat\/es\/#\/schema\/logo\/image\/"},"sameAs":["https:\/\/www.facebook.com\/LOPEZARCHS","https:\/\/x.com\/lopezarchs","https:\/\/www.instagram.com\/lopezarchs\/"]}]}},"jetpack_sharing_enabled":true,"post_mailing_queue_ids":[],"_links":{"self":[{"href":"https:\/\/www.lafisioterapia.cat\/es\/wp-json\/wp\/v2\/pages\/136","targetHints":{"allow":["GET"]}}],"collection":[{"href":"https:\/\/www.lafisioterapia.cat\/es\/wp-json\/wp\/v2\/pages"}],"about":[{"href":"https:\/\/www.lafisioterapia.cat\/es\/wp-json\/wp\/v2\/types\/page"}],"author":[{"embeddable":true,"href":"https:\/\/www.lafisioterapia.cat\/es\/wp-json\/wp\/v2\/users\/2"}],"replies":[{"embeddable":true,"href":"https:\/\/www.lafisioterapia.cat\/es\/wp-json\/wp\/v2\/comments?post=136"}],"version-history":[{"count":32,"href":"https:\/\/www.lafisioterapia.cat\/es\/wp-json\/wp\/v2\/pages\/136\/revisions"}],"predecessor-version":[{"id":1016,"href":"https:\/\/www.lafisioterapia.cat\/es\/wp-json\/wp\/v2\/pages\/136\/revisions\/1016"}],"wp:featuredmedia":[{"embeddable":true,"href":"https:\/\/www.lafisioterapia.cat\/es\/wp-json\/wp\/v2\/media\/846"}],"wp:attachment":[{"href":"https:\/\/www.lafisioterapia.cat\/es\/wp-json\/wp\/v2\/media?parent=136"}],"curies":[{"name":"wp","href":"https:\/\/api.w.org\/{rel}","templated":true}]}}